{"id":32,"date":"2025-04-26T22:53:13","date_gmt":"2025-04-26T22:53:13","guid":{"rendered":"https:\/\/tiendalaburilla.es\/?page_id=32"},"modified":"2025-05-05T18:06:23","modified_gmt":"2025-05-05T18:06:23","slug":"services","status":"publish","type":"page","link":"https:\/\/bigrespectstudio.com\/tienda_laburilla\/services\/","title":{"rendered":"Services"},"content":{"rendered":"\n<div class=\"wp-block-uagb-container uagb-block-03b0edd2 alignfull uagb-is-root-container\"><div class=\"uagb-container-inner-blocks-wrap\">\n<div class=\"wp-block-uagb-advanced-heading uagb-block-f08b6f7a\"><h1 class=\"uagb-heading-text\">Servicios de Alimentaci\u00f3n LA BURILLA<\/h1><p class=\"uagb-desc-text\">En Alimentaci\u00f3n LA BURILLA ofrecemos una variedad de servicios dise\u00f1ados para satisfacer tus necesidades diarias. Desde productos frescos y locales hasta un servicio personalizado, aqu\u00ed encontrar\u00e1s todo lo que tu hogar necesita, con la calidad y confianza de siempre.<\/p><\/div>\n<\/div><\/div>\n\n\n\n<div class=\"wp-block-uagb-container uagb-block-c333eb67 alignfull uagb-is-root-container\"><div class=\"uagb-container-inner-blocks-wrap\">\n<div class=\"wp-block-uagb-advanced-heading uagb-block-9c6ec963\"><h2 class=\"uagb-heading-text\">Productos frescos<\/h2><\/div>\n\n\n\n<div class=\"wp-block-uagb-container uagb-layout-grid uagb-block-fd76b66f\">\n<div class=\"wp-block-uagb-container uagb-block-90e7ae3a\">\n<div class=\"wp-block-uagb-image uagb-block-5387097c wp-block-uagb-image--layout-default wp-block-uagb-image--effect-static wp-block-uagb-image--align-none\"><figure class=\"wp-block-uagb-image__figure\"><img decoding=\"async\" srcset=\"https:\/\/bigrespectstudio.com\/tienda_laburilla\/wp-content\/uploads\/2025\/05\/WhatsApp-Image-2025-04-27-at-08.43.37-1024x771.jpeg ,https:\/\/bigrespectstudio.com\/tienda_laburilla\/wp-content\/uploads\/2025\/05\/WhatsApp-Image-2025-04-27-at-08.43.37.jpeg 780w, https:\/\/bigrespectstudio.com\/tienda_laburilla\/wp-content\/uploads\/2025\/05\/WhatsApp-Image-2025-04-27-at-08.43.37.jpeg 360w\" sizes=\"auto, (max-width: 480px) 150px\" src=\"https:\/\/bigrespectstudio.com\/tienda_laburilla\/wp-content\/uploads\/2025\/05\/WhatsApp-Image-2025-04-27-at-08.43.37-1024x771.jpeg\" alt=\"\" class=\"uag-image-620\" width=\"655\" height=\"400\" title=\"WhatsApp Image 2025-04-27 at 08.43.37\" loading=\"lazy\" role=\"img\"\/><\/figure><\/div>\n\n\n\n<div class=\"wp-block-uagb-advanced-heading uagb-block-2bef7bc1\"><h3 class=\"uagb-heading-text\">Productos Frescos<\/h3><p class=\"uagb-desc-text\">Proporcionamos una selecci\u00f3n diaria de frutas, verduras y pan fresco. Nuestros productos son de temporada y de proximidad, garantizando as\u00ed la m\u00e1xima frescura y calidad en cada compra. Ven y descubre nuestros productos reci\u00e9n cosechados.<\/p><\/div>\n\n\n\n<div class=\"wp-block-uagb-icon-list uagb-block-660647cc\"><div class=\"uagb-icon-list__wrap\">\n<div class=\"wp-block-uagb-icon-list-child uagb-block-aa1eecec\"><span class=\"uagb-icon-list__source-wrap\"><svg xmlns=\"https:\/\/www.w3.org\/2000\/svg\" viewBox=\"0 0 512 512\"><path d=\"M512 256C512 397.4 397.4 512 256 512C114.6 512 0 397.4 0 256C0 114.6 114.6 0 256 0C397.4 0 512 114.6 512 256z\"><\/path><\/svg><\/span><span class=\"uagb-icon-list__label\">Frescura garantizada en cada compra<\/span><\/div>\n\n\n\n<div class=\"wp-block-uagb-icon-list-child uagb-block-4ebb0a3a\"><span class=\"uagb-icon-list__source-wrap\"><svg xmlns=\"https:\/\/www.w3.org\/2000\/svg\" viewBox=\"0 0 512 512\"><path d=\"M512 256C512 397.4 397.4 512 256 512C114.6 512 0 397.4 0 256C0 114.6 114.6 0 256 0C397.4 0 512 114.6 512 256z\"><\/path><\/svg><\/span><span class=\"uagb-icon-list__label\">Productos de temporada seleccionados<\/span><\/div>\n\n\n\n<div class=\"wp-block-uagb-icon-list-child uagb-block-7d1e2480\"><span class=\"uagb-icon-list__source-wrap\"><svg xmlns=\"https:\/\/www.w3.org\/2000\/svg\" viewBox=\"0 0 512 512\"><path d=\"M512 256C512 397.4 397.4 512 256 512C114.6 512 0 397.4 0 256C0 114.6 114.6 0 256 0C397.4 0 512 114.6 512 256z\"><\/path><\/svg><\/span><span class=\"uagb-icon-list__label\">Apoyo a agricultores locales<\/span><\/div>\n<\/div><\/div>\n<\/div>\n\n\n\n<div class=\"wp-block-uagb-container uagb-block-84cde6da\">\n<div class=\"wp-block-uagb-image uagb-block-3106ff99 wp-block-uagb-image--layout-default wp-block-uagb-image--effect-static wp-block-uagb-image--align-none\"><figure class=\"wp-block-uagb-image__figure\"><img decoding=\"async\" srcset=\"https:\/\/bigrespectstudio.com\/tienda_laburilla\/wp-content\/uploads\/2025\/05\/WhatsApp-Image-2025-04-27-at-08.43.39-4-1024x771.jpeg ,https:\/\/bigrespectstudio.com\/tienda_laburilla\/wp-content\/uploads\/2025\/05\/WhatsApp-Image-2025-04-27-at-08.43.39-4.jpeg 780w, https:\/\/bigrespectstudio.com\/tienda_laburilla\/wp-content\/uploads\/2025\/05\/WhatsApp-Image-2025-04-27-at-08.43.39-4.jpeg 360w\" sizes=\"auto, (max-width: 480px) 150px\" src=\"https:\/\/bigrespectstudio.com\/tienda_laburilla\/wp-content\/uploads\/2025\/05\/WhatsApp-Image-2025-04-27-at-08.43.39-4-1024x771.jpeg\" alt=\"\" class=\"uag-image-626\" width=\"655\" height=\"450\" title=\"WhatsApp Image 2025-04-27 at 08.43.39 (4)\" loading=\"lazy\" role=\"img\"\/><\/figure><\/div>\n\n\n\n<div class=\"wp-block-uagb-advanced-heading uagb-block-60047d35\"><h3 class=\"uagb-heading-text\">Alimentos Artesanales<\/h3><p class=\"uagb-desc-text\">Ofrecemos una gama de productos artesanales, incluyendo embutidos, aceites y dulces tradicionales. Todos nuestros productos son elaborados por peque\u00f1os productores, asegurando el sabor aut\u00e9ntico y la calidad que esperas de Alimentaci\u00f3n LA BURILLA.<\/p><\/div>\n\n\n\n<div class=\"wp-block-uagb-icon-list uagb-block-abc18a88\"><div class=\"uagb-icon-list__wrap\">\n<div class=\"wp-block-uagb-icon-list-child uagb-block-be34eebe\"><span class=\"uagb-icon-list__source-wrap\"><svg xmlns=\"https:\/\/www.w3.org\/2000\/svg\" viewBox=\"0 0 512 512\"><path d=\"M512 256C512 397.4 397.4 512 256 512C114.6 512 0 397.4 0 256C0 114.6 114.6 0 256 0C397.4 0 512 114.6 512 256z\"><\/path><\/svg><\/span><span class=\"uagb-icon-list__label\">Sabor aut\u00e9ntico y tradici\u00f3n<\/span><\/div>\n\n\n\n<div class=\"wp-block-uagb-icon-list-child uagb-block-4a3b1358\"><span class=\"uagb-icon-list__source-wrap\"><svg xmlns=\"https:\/\/www.w3.org\/2000\/svg\" viewBox=\"0 0 512 512\"><path d=\"M512 256C512 397.4 397.4 512 256 512C114.6 512 0 397.4 0 256C0 114.6 114.6 0 256 0C397.4 0 512 114.6 512 256z\"><\/path><\/svg><\/span><span class=\"uagb-icon-list__label\">Colaboraci\u00f3n con productores locales<\/span><\/div>\n\n\n\n<div class=\"wp-block-uagb-icon-list-child uagb-block-fadac3c3\"><span class=\"uagb-icon-list__source-wrap\"><svg xmlns=\"https:\/\/www.w3.org\/2000\/svg\" viewBox=\"0 0 512 512\"><path d=\"M512 256C512 397.4 397.4 512 256 512C114.6 512 0 397.4 0 256C0 114.6 114.6 0 256 0C397.4 0 512 114.6 512 256z\"><\/path><\/svg><\/span><span class=\"uagb-icon-list__label\">Variedad artesana en cada elecci\u00f3n<\/span><\/div>\n<\/div><\/div>\n<\/div>\n\n\n\n<div class=\"wp-block-uagb-container uagb-block-9bd0cd80\">\n<div class=\"wp-block-uagb-image uagb-block-71742572 wp-block-uagb-image--layout-default wp-block-uagb-image--effect-static wp-block-uagb-image--align-none\"><figure class=\"wp-block-uagb-image__figure\"><img decoding=\"async\" srcset=\"https:\/\/bigrespectstudio.com\/tienda_laburilla\/wp-content\/uploads\/2025\/05\/WhatsApp-Image-2025-04-27-at-08.43.39-3-1024x771.jpeg ,https:\/\/bigrespectstudio.com\/tienda_laburilla\/wp-content\/uploads\/2025\/05\/WhatsApp-Image-2025-04-27-at-08.43.39-3.jpeg 780w, https:\/\/bigrespectstudio.com\/tienda_laburilla\/wp-content\/uploads\/2025\/05\/WhatsApp-Image-2025-04-27-at-08.43.39-3.jpeg 360w\" sizes=\"auto, (max-width: 480px) 150px\" src=\"https:\/\/bigrespectstudio.com\/tienda_laburilla\/wp-content\/uploads\/2025\/05\/WhatsApp-Image-2025-04-27-at-08.43.39-3-1024x771.jpeg\" alt=\"\" class=\"uag-image-625\" width=\"655\" height=\"430\" title=\"WhatsApp Image 2025-04-27 at 08.43.39 (3)\" loading=\"lazy\" role=\"img\"\/><\/figure><\/div>\n\n\n\n<div class=\"wp-block-uagb-advanced-heading uagb-block-7284dd06\"><h3 class=\"uagb-heading-text\">Productos en Conserva<\/h3><p class=\"uagb-desc-text\">Disponemos de una amplia selecci\u00f3n de productos en conserva, ideales para cualquier ocasi\u00f3n. Desde legumbres hasta salsas, todos nuestros enlatados son de alta calidad y seleccionados cuidadosamente para ofrecerte lo mejor de nuestra tierra.<\/p><\/div>\n\n\n\n<div class=\"wp-block-uagb-icon-list uagb-block-a9c7eeef\"><div class=\"uagb-icon-list__wrap\">\n<div class=\"wp-block-uagb-icon-list-child uagb-block-7b522830\"><span class=\"uagb-icon-list__source-wrap\"><svg xmlns=\"https:\/\/www.w3.org\/2000\/svg\" viewBox=\"0 0 512 512\"><path d=\"M512 256C512 397.4 397.4 512 256 512C114.6 512 0 397.4 0 256C0 114.6 114.6 0 256 0C397.4 0 512 114.6 512 256z\"><\/path><\/svg><\/span><span class=\"uagb-icon-list__label\">Calidad en cada lata<\/span><\/div>\n\n\n\n<div class=\"wp-block-uagb-icon-list-child uagb-block-ed87026c\"><span class=\"uagb-icon-list__source-wrap\"><svg xmlns=\"https:\/\/www.w3.org\/2000\/svg\" viewBox=\"0 0 512 512\"><path d=\"M512 256C512 397.4 397.4 512 256 512C114.6 512 0 397.4 0 256C0 114.6 114.6 0 256 0C397.4 0 512 114.6 512 256z\"><\/path><\/svg><\/span><span class=\"uagb-icon-list__label\">Conveniencia y frescura duradera<\/span><\/div>\n\n\n\n<div class=\"wp-block-uagb-icon-list-child uagb-block-d620a1f3\"><span class=\"uagb-icon-list__source-wrap\"><svg xmlns=\"https:\/\/www.w3.org\/2000\/svg\" viewBox=\"0 0 512 512\"><path d=\"M512 256C512 397.4 397.4 512 256 512C114.6 512 0 397.4 0 256C0 114.6 114.6 0 256 0C397.4 0 512 114.6 512 256z\"><\/path><\/svg><\/span><span class=\"uagb-icon-list__label\">Selecci\u00f3n variada para el hogar<\/span><\/div>\n<\/div><\/div>\n<\/div>\n\n\n\n<div class=\"wp-block-uagb-container uagb-block-5bf6b693\">\n<div class=\"wp-block-uagb-image uagb-block-d73296d9 wp-block-uagb-image--layout-default wp-block-uagb-image--effect-static wp-block-uagb-image--align-none\"><figure class=\"wp-block-uagb-image__figure\"><img decoding=\"async\" srcset=\"https:\/\/bigrespectstudio.com\/tienda_laburilla\/wp-content\/uploads\/2025\/05\/WhatsApp-Image-2025-04-27-at-08.43.38-1024x771.jpeg ,https:\/\/bigrespectstudio.com\/tienda_laburilla\/wp-content\/uploads\/2025\/05\/WhatsApp-Image-2025-04-27-at-08.43.38.jpeg 780w, https:\/\/bigrespectstudio.com\/tienda_laburilla\/wp-content\/uploads\/2025\/05\/WhatsApp-Image-2025-04-27-at-08.43.38.jpeg 360w\" sizes=\"auto, (max-width: 480px) 150px\" src=\"https:\/\/bigrespectstudio.com\/tienda_laburilla\/wp-content\/uploads\/2025\/05\/WhatsApp-Image-2025-04-27-at-08.43.38-1024x771.jpeg\" alt=\"\" class=\"uag-image-622\" width=\"655\" height=\"400\" title=\"WhatsApp Image 2025-04-27 at 08.43.38\" loading=\"lazy\" role=\"img\"\/><\/figure><\/div>\n\n\n\n<div class=\"wp-block-uagb-advanced-heading uagb-block-b55a2c1f\"><h3 class=\"uagb-heading-text\">Servicio Personalizado<\/h3><p class=\"uagb-desc-text\">En Alimentaci\u00f3n LA BURILLA, nos importa cada cliente. Ofrecemos un servicio personalizado, ayud\u00e1ndote a encontrar lo que necesitas, haciendo reservas de productos especiales y brindando asesor\u00eda sobre nuestros art\u00edculos. Tu satisfacci\u00f3n es nuestra prioridad.<\/p><\/div>\n\n\n\n<div class=\"wp-block-uagb-icon-list uagb-block-6f47b862\"><div class=\"uagb-icon-list__wrap\">\n<div class=\"wp-block-uagb-icon-list-child uagb-block-b90ea271\"><span class=\"uagb-icon-list__source-wrap\"><svg xmlns=\"https:\/\/www.w3.org\/2000\/svg\" viewBox=\"0 0 512 512\"><path d=\"M512 256C512 397.4 397.4 512 256 512C114.6 512 0 397.4 0 256C0 114.6 114.6 0 256 0C397.4 0 512 114.6 512 256z\"><\/path><\/svg><\/span><span class=\"uagb-icon-list__label\">Atenci\u00f3n personalizada a cada cliente<\/span><\/div>\n\n\n\n<div class=\"wp-block-uagb-icon-list-child uagb-block-ab8192df\"><span class=\"uagb-icon-list__source-wrap\"><svg xmlns=\"https:\/\/www.w3.org\/2000\/svg\" viewBox=\"0 0 512 512\"><path d=\"M512 256C512 397.4 397.4 512 256 512C114.6 512 0 397.4 0 256C0 114.6 114.6 0 256 0C397.4 0 512 114.6 512 256z\"><\/path><\/svg><\/span><span class=\"uagb-icon-list__label\">Acompa\u00f1amos tus decisiones de compra<\/span><\/div>\n\n\n\n<div class=\"wp-block-uagb-icon-list-child uagb-block-45b42419\"><span class=\"uagb-icon-list__source-wrap\"><svg xmlns=\"https:\/\/www.w3.org\/2000\/svg\" viewBox=\"0 0 512 512\"><path d=\"M512 256C512 397.4 397.4 512 256 512C114.6 512 0 397.4 0 256C0 114.6 114.6 0 256 0C397.4 0 512 114.6 512 256z\"><\/path><\/svg><\/span><span class=\"uagb-icon-list__label\">Siempre dispuestos a ayudarte<\/span><\/div>\n<\/div><\/div>\n<\/div>\n<\/div>\n<\/div><\/div>\n\n\n\n<div class=\"wp-block-uagb-container uagb-block-a0200235 alignfull uagb-is-root-container\"><div class=\"uagb-container-inner-blocks-wrap\">\n<div class=\"wp-block-uagb-call-to-action uagb-block-c9597051 wp-block-button\"><div class=\"uagb-cta__wrap\"><h2 class=\"uagb-cta__title\">Mira nuestro trabajo reciente en Instagram<\/h2><\/div><div class=\"uagb-cta__buttons\"><a href=\"#\" class=\"uagb-cta__button-link-wrapper wp-block-button__link\" target=\"_self\" rel=\"noopener noreferrer\">S\u00edguenos en Instagram<\/a><\/div><\/div>\n\n\n\n<div class=\"wp-block-uagb-container uagb-layout-grid uagb-block-1e9a4002\">\n<div class=\"wp-block-uagb-image uagb-block-4675924b wp-block-uagb-image--layout-default wp-block-uagb-image--effect-static wp-block-uagb-image--align-none\"><figure class=\"wp-block-uagb-image__figure\"><img decoding=\"async\" srcset=\"https:\/\/bigrespectstudio.com\/tienda_laburilla\/wp-content\/uploads\/2025\/04\/2022-03-01-3.jpg ,https:\/\/bigrespectstudio.com\/tienda_laburilla\/wp-content\/uploads\/2025\/04\/2022-03-01-3.jpg 780w, https:\/\/bigrespectstudio.com\/tienda_laburilla\/wp-content\/uploads\/2025\/04\/2022-03-01-3.jpg 360w\" sizes=\"auto, (max-width: 480px) 150px\" src=\"https:\/\/bigrespectstudio.com\/tienda_laburilla\/wp-content\/uploads\/2025\/04\/2022-03-01-3.jpg\" alt=\"\" class=\"uag-image-7\" width=\"262\" height=\"262\" title=\"my-work-01\" loading=\"lazy\" role=\"img\"\/><\/figure><\/div>\n\n\n\n<div class=\"wp-block-uagb-image uagb-block-6fe0df3f wp-block-uagb-image--layout-default wp-block-uagb-image--effect-static wp-block-uagb-image--align-none\"><figure class=\"wp-block-uagb-image__figure\"><img decoding=\"async\" srcset=\"https:\/\/bigrespectstudio.com\/tienda_laburilla\/wp-content\/uploads\/2025\/04\/2022-03-01-4.jpg ,https:\/\/bigrespectstudio.com\/tienda_laburilla\/wp-content\/uploads\/2025\/04\/2022-03-01-4.jpg 780w, https:\/\/bigrespectstudio.com\/tienda_laburilla\/wp-content\/uploads\/2025\/04\/2022-03-01-4.jpg 360w\" sizes=\"auto, (max-width: 480px) 150px\" src=\"https:\/\/bigrespectstudio.com\/tienda_laburilla\/wp-content\/uploads\/2025\/04\/2022-03-01-4.jpg\" alt=\"\" class=\"uag-image-8\" width=\"262\" height=\"262\" title=\"my-work-02\" loading=\"lazy\" role=\"img\"\/><\/figure><\/div>\n\n\n\n<div class=\"wp-block-uagb-image uagb-block-37cfb130 wp-block-uagb-image--layout-default wp-block-uagb-image--effect-static wp-block-uagb-image--align-none\"><figure class=\"wp-block-uagb-image__figure\"><img decoding=\"async\" srcset=\"https:\/\/bigrespectstudio.com\/tienda_laburilla\/wp-content\/uploads\/2025\/04\/2022-03-01-5.jpg ,https:\/\/bigrespectstudio.com\/tienda_laburilla\/wp-content\/uploads\/2025\/04\/2022-03-01-5.jpg 780w, https:\/\/bigrespectstudio.com\/tienda_laburilla\/wp-content\/uploads\/2025\/04\/2022-03-01-5.jpg 360w\" sizes=\"auto, (max-width: 480px) 150px\" src=\"https:\/\/bigrespectstudio.com\/tienda_laburilla\/wp-content\/uploads\/2025\/04\/2022-03-01-5.jpg\" alt=\"\" class=\"uag-image-9\" width=\"262\" height=\"262\" title=\"my-work-03\" loading=\"lazy\" role=\"img\"\/><\/figure><\/div>\n\n\n\n<div class=\"wp-block-uagb-image uagb-block-31249b68 wp-block-uagb-image--layout-default wp-block-uagb-image--effect-static wp-block-uagb-image--align-none\"><figure class=\"wp-block-uagb-image__figure\"><img decoding=\"async\" srcset=\"https:\/\/bigrespectstudio.com\/tienda_laburilla\/wp-content\/uploads\/2025\/04\/2022-03-01-6.jpg ,https:\/\/bigrespectstudio.com\/tienda_laburilla\/wp-content\/uploads\/2025\/04\/2022-03-01-6.jpg 780w, https:\/\/bigrespectstudio.com\/tienda_laburilla\/wp-content\/uploads\/2025\/04\/2022-03-01-6.jpg 360w\" sizes=\"auto, (max-width: 480px) 150px\" src=\"https:\/\/bigrespectstudio.com\/tienda_laburilla\/wp-content\/uploads\/2025\/04\/2022-03-01-6.jpg\" alt=\"\" class=\"uag-image-10\" width=\"262\" height=\"262\" title=\"my-work-04\" loading=\"lazy\" role=\"img\"\/><\/figure><\/div>\n\n\n\n<div class=\"wp-block-uagb-image uagb-block-4f36728d wp-block-uagb-image--layout-default wp-block-uagb-image--effect-static wp-block-uagb-image--align-none uag-hide-tab\"><figure class=\"wp-block-uagb-image__figure\"><img decoding=\"async\" srcset=\"https:\/\/bigrespectstudio.com\/tienda_laburilla\/wp-content\/uploads\/2025\/04\/2022-03-01-7.jpg ,https:\/\/bigrespectstudio.com\/tienda_laburilla\/wp-content\/uploads\/2025\/04\/2022-03-01-7.jpg 780w, https:\/\/bigrespectstudio.com\/tienda_laburilla\/wp-content\/uploads\/2025\/04\/2022-03-01-7.jpg 360w\" sizes=\"auto, (max-width: 480px) 150px\" src=\"https:\/\/bigrespectstudio.com\/tienda_laburilla\/wp-content\/uploads\/2025\/04\/2022-03-01-7.jpg\" alt=\"\" class=\"uag-image-11\" width=\"262\" height=\"262\" title=\"my-work-05\" loading=\"lazy\" role=\"img\"\/><\/figure><\/div>\n<\/div>\n<\/div><\/div>\n\n\n\n<div class=\"wp-block-uagb-container uagb-block-9f047c00 alignfull uagb-is-root-container\"><div class=\"uagb-container-inner-blocks-wrap\">\n<div class=\"wp-block-uagb-container uagb-block-8ac3f7a9\">\n<div class=\"wp-block-uagb-info-box uagb-block-8023fb24 uagb-infobox__content-wrap  uagb-infobox-icon-above-title uagb-infobox-image-valign-top\"><div class=\"uagb-ifb-content\"><div class=\"uagb-ifb-title-wrap\"><h2 class=\"uagb-ifb-title\">\u00danete a nuestra comunidad local<\/h2><\/div><p class=\"uagb-ifb-desc\">Vis\u00edtanos y descubre el sabor y la calidad de los productos locales que ofrecemos con un trato cercano y amistoso.<\/p><div class=\"uagb-ifb-button-wrapper wp-block-button\"><a href=\"#\" class=\"uagb-infobox-cta-link wp-block-button__link\" target=\"_self\" rel=\"noopener noreferrer\" onclick=\"return false;\"><span class=\"uagb-inline-editing\">Vis\u00edtanos ahora<\/span><\/a><\/div><\/div><\/div>\n<\/div>\n<\/div><\/div>\n","protected":false},"excerpt":{"rendered":"<p>Servicios de Alimentaci\u00f3n LA BURILLA En Alimentaci\u00f3n LA BURILLA ofrecemos una variedad de servicios dise\u00f1ados para satisfacer tus necesidades diarias. [&hellip;]<\/p>\n","protected":false},"author":1,"featured_media":0,"parent":0,"menu_order":0,"comment_status":"closed","ping_status":"closed","template":"","meta":{"_uag_custom_page_level_css":"","site-sidebar-layout":"default","site-content-layout":"","ast-site-content-layout":"default","site-content-style":"default","site-sidebar-style":"default","ast-global-header-display":"","ast-banner-title-visibility":"","ast-main-header-display":"","ast-hfb-above-header-display":"","ast-hfb-below-header-display":"","ast-hfb-mobile-header-display":"","site-post-title":"disabled","ast-breadcrumbs-content":"","ast-featured-img":"","footer-sml-layout":"","ast-disable-related-posts":"","theme-transparent-header-meta":"","adv-header-id-meta":"","stick-header-meta":"","header-above-stick-meta":"","header-main-stick-meta":"","header-below-stick-meta":"","astra-migrate-meta-layouts":"default","ast-page-background-enabled":"default","ast-page-background-meta":{"desktop":{"background-color":"var(--ast-global-color-4)","background-image":"","background-repeat":"repeat","background-position":"center center","background-size":"auto","background-attachment":"scroll","background-type":"","background-media":"","overlay-type":"","overlay-color":"","overlay-opacity":"","overlay-gradient":""},"tablet":{"background-color":"","background-image":"","background-repeat":"repeat","background-position":"center center","background-size":"auto","background-attachment":"scroll","background-type":"","background-media":"","overlay-type":"","overlay-color":"","overlay-opacity":"","overlay-gradient":""},"mobile":{"background-color":"","background-image":"","background-repeat":"repeat","background-position":"center center","background-size":"auto","background-attachment":"scroll","background-type":"","background-media":"","overlay-type":"","overlay-color":"","overlay-opacity":"","overlay-gradient":""}},"ast-content-background-meta":{"desktop":{"background-color":"var(--ast-global-color-5)","background-image":"","background-repeat":"repeat","background-position":"center center","background-size":"auto","background-attachment":"scroll","background-type":"","background-media":"","overlay-type":"","overlay-color":"","overlay-opacity":"","overlay-gradient":""},"tablet":{"background-color":"var(--ast-global-color-5)","background-image":"","background-repeat":"repeat","background-position":"center center","background-size":"auto","background-attachment":"scroll","background-type":"","background-media":"","overlay-type":"","overlay-color":"","overlay-opacity":"","overlay-gradient":""},"mobile":{"background-color":"var(--ast-global-color-5)","background-image":"","background-repeat":"repeat","background-position":"center center","background-size":"auto","background-attachment":"scroll","background-type":"","background-media":"","overlay-type":"","overlay-color":"","overlay-opacity":"","overlay-gradient":""}},"footnotes":""},"class_list":["post-32","page","type-page","status-publish","hentry"],"uagb_featured_image_src":{"full":false,"thumbnail":false,"medium":false,"medium_large":false,"large":false,"1536x1536":false,"2048x2048":false},"uagb_author_info":{"display_name":"admin","author_link":"https:\/\/bigrespectstudio.com\/tienda_laburilla\/author\/giulianosalvan2002_qvg4t4qq\/"},"uagb_comment_info":0,"uagb_excerpt":"Servicios de Alimentaci\u00f3n LA BURILLA En Alimentaci\u00f3n LA BURILLA ofrecemos una variedad de servicios dise\u00f1ados para satisfacer tus necesidades diarias. [&hellip;]","_links":{"self":[{"href":"https:\/\/bigrespectstudio.com\/tienda_laburilla\/wp-json\/wp\/v2\/pages\/32","targetHints":{"allow":["GET"]}}],"collection":[{"href":"https:\/\/bigrespectstudio.com\/tienda_laburilla\/wp-json\/wp\/v2\/pages"}],"about":[{"href":"https:\/\/bigrespectstudio.com\/tienda_laburilla\/wp-json\/wp\/v2\/types\/page"}],"author":[{"embeddable":true,"href":"https:\/\/bigrespectstudio.com\/tienda_laburilla\/wp-json\/wp\/v2\/users\/1"}],"replies":[{"embeddable":true,"href":"https:\/\/bigrespectstudio.com\/tienda_laburilla\/wp-json\/wp\/v2\/comments?post=32"}],"version-history":[{"count":4,"href":"https:\/\/bigrespectstudio.com\/tienda_laburilla\/wp-json\/wp\/v2\/pages\/32\/revisions"}],"predecessor-version":[{"id":634,"href":"https:\/\/bigrespectstudio.com\/tienda_laburilla\/wp-json\/wp\/v2\/pages\/32\/revisions\/634"}],"wp:attachment":[{"href":"https:\/\/bigrespectstudio.com\/tienda_laburilla\/wp-json\/wp\/v2\/media?parent=32"}],"curies":[{"name":"wp","href":"https:\/\/api.w.org\/{rel}","templated":true}]}}