{"id":33,"date":"2025-04-26T22:53:13","date_gmt":"2025-04-26T22:53:13","guid":{"rendered":"https:\/\/tiendalaburilla.es\/?page_id=33"},"modified":"2025-05-05T18:08:13","modified_gmt":"2025-05-05T18:08:13","slug":"portfolio","status":"publish","type":"page","link":"https:\/\/bigrespectstudio.com\/tienda_laburilla\/portfolio\/","title":{"rendered":"Portfolio"},"content":{"rendered":"\n<div class=\"wp-block-uagb-container uagb-block-03b0edd2 alignfull uagb-is-root-container\"><div class=\"uagb-container-inner-blocks-wrap\">\n<div class=\"wp-block-uagb-advanced-heading uagb-block-f08b6f7a\"><h1 class=\"uagb-heading-text\">Calidad y confianza en cada producto<\/h1><p class=\"uagb-desc-text\">Descubre nuestra selecci\u00f3n de productos frescos y locales, donde la tradici\u00f3n se une a la calidad. En Alimentaci\u00f3n BURILLO, cada art\u00edculo refleja el compromiso con la comunidad y el sabor aut\u00e9ntico de la tierra.<\/p><\/div>\n<\/div><\/div>\n\n\n\n<div class=\"wp-block-uagb-container uagb-block-c333eb67 alignfull uagb-is-root-container\"><div class=\"uagb-container-inner-blocks-wrap\">\n<div class=\"wp-block-uagb-advanced-heading uagb-block-9c6ec963\"><h2 class=\"uagb-heading-text\">Productos frescos<\/h2><\/div>\n\n\n\n<div class=\"wp-block-uagb-container uagb-layout-grid uagb-block-fd76b66f\">\n<div class=\"wp-block-uagb-image uagb-block-b12a0cd8 wp-block-uagb-image--layout-default wp-block-uagb-image--effect-static wp-block-uagb-image--align-none\"><figure class=\"wp-block-uagb-image__figure\"><img decoding=\"async\" srcset=\"https:\/\/bigrespectstudio.com\/tienda_laburilla\/wp-content\/uploads\/2025\/05\/WhatsApp-Image-2025-04-27-at-08.43.37-1-1024x771.jpeg ,https:\/\/bigrespectstudio.com\/tienda_laburilla\/wp-content\/uploads\/2025\/05\/WhatsApp-Image-2025-04-27-at-08.43.37-1.jpeg 780w, https:\/\/bigrespectstudio.com\/tienda_laburilla\/wp-content\/uploads\/2025\/05\/WhatsApp-Image-2025-04-27-at-08.43.37-1.jpeg 360w\" sizes=\"auto, (max-width: 480px) 150px\" src=\"https:\/\/bigrespectstudio.com\/tienda_laburilla\/wp-content\/uploads\/2025\/05\/WhatsApp-Image-2025-04-27-at-08.43.37-1-1024x771.jpeg\" alt=\"\" class=\"uag-image-619\" width=\"686\" height=\"480\" title=\"WhatsApp Image 2025-04-27 at 08.43.37 (1)\" loading=\"lazy\" role=\"img\"\/><\/figure><\/div>\n\n\n\n<div class=\"wp-block-uagb-image uagb-block-3e197f08 wp-block-uagb-image--layout-default wp-block-uagb-image--effect-static wp-block-uagb-image--align-none\"><figure class=\"wp-block-uagb-image__figure\"><img decoding=\"async\" srcset=\"https:\/\/bigrespectstudio.com\/tienda_laburilla\/wp-content\/uploads\/2025\/05\/WhatsApp-Image-2025-04-27-at-08.43.37-1024x771.jpeg ,https:\/\/bigrespectstudio.com\/tienda_laburilla\/wp-content\/uploads\/2025\/05\/WhatsApp-Image-2025-04-27-at-08.43.37.jpeg 780w, https:\/\/bigrespectstudio.com\/tienda_laburilla\/wp-content\/uploads\/2025\/05\/WhatsApp-Image-2025-04-27-at-08.43.37.jpeg 360w\" sizes=\"auto, (max-width: 480px) 150px\" src=\"https:\/\/bigrespectstudio.com\/tienda_laburilla\/wp-content\/uploads\/2025\/05\/WhatsApp-Image-2025-04-27-at-08.43.37-1024x771.jpeg\" alt=\"\" class=\"uag-image-620\" width=\"686\" height=\"480\" title=\"WhatsApp Image 2025-04-27 at 08.43.37\" loading=\"lazy\" role=\"img\"\/><\/figure><\/div>\n<\/div>\n\n\n\n<div class=\"wp-block-uagb-container uagb-layout-grid uagb-block-cf8cf873\">\n<div class=\"wp-block-uagb-image uagb-block-912dc794 wp-block-uagb-image--layout-default wp-block-uagb-image--effect-static wp-block-uagb-image--align-none\"><figure class=\"wp-block-uagb-image__figure\"><img decoding=\"async\" srcset=\"https:\/\/bigrespectstudio.com\/tienda_laburilla\/wp-content\/uploads\/2025\/05\/WhatsApp-Image-2025-04-27-at-08.43.38-1-1024x771.jpeg ,https:\/\/bigrespectstudio.com\/tienda_laburilla\/wp-content\/uploads\/2025\/05\/WhatsApp-Image-2025-04-27-at-08.43.38-1.jpeg 780w, https:\/\/bigrespectstudio.com\/tienda_laburilla\/wp-content\/uploads\/2025\/05\/WhatsApp-Image-2025-04-27-at-08.43.38-1.jpeg 360w\" sizes=\"auto, (max-width: 480px) 150px\" src=\"https:\/\/bigrespectstudio.com\/tienda_laburilla\/wp-content\/uploads\/2025\/05\/WhatsApp-Image-2025-04-27-at-08.43.38-1-1024x771.jpeg\" alt=\"\" class=\"uag-image-621\" width=\"500\" height=\"450\" title=\"WhatsApp Image 2025-04-27 at 08.43.38 (1)\" loading=\"lazy\" role=\"img\"\/><\/figure><\/div>\n\n\n\n<div class=\"wp-block-uagb-image uagb-block-d363447e wp-block-uagb-image--layout-default wp-block-uagb-image--effect-static wp-block-uagb-image--align-none\"><figure class=\"wp-block-uagb-image__figure\"><img decoding=\"async\" srcset=\"https:\/\/bigrespectstudio.com\/tienda_laburilla\/wp-content\/uploads\/2025\/05\/WhatsApp-Image-2025-04-27-at-08.43.38-1024x771.jpeg ,https:\/\/bigrespectstudio.com\/tienda_laburilla\/wp-content\/uploads\/2025\/05\/WhatsApp-Image-2025-04-27-at-08.43.38.jpeg 780w, https:\/\/bigrespectstudio.com\/tienda_laburilla\/wp-content\/uploads\/2025\/05\/WhatsApp-Image-2025-04-27-at-08.43.38.jpeg 360w\" sizes=\"auto, (max-width: 480px) 150px\" src=\"https:\/\/bigrespectstudio.com\/tienda_laburilla\/wp-content\/uploads\/2025\/05\/WhatsApp-Image-2025-04-27-at-08.43.38-1024x771.jpeg\" alt=\"\" class=\"uag-image-622\" width=\"500\" height=\"500\" title=\"WhatsApp Image 2025-04-27 at 08.43.38\" loading=\"lazy\" role=\"img\"\/><\/figure><\/div>\n\n\n\n<div class=\"wp-block-uagb-image uagb-block-a99ebb4d wp-block-uagb-image--layout-default wp-block-uagb-image--effect-static wp-block-uagb-image--align-none\"><figure class=\"wp-block-uagb-image__figure\"><img decoding=\"async\" srcset=\"https:\/\/bigrespectstudio.com\/tienda_laburilla\/wp-content\/uploads\/2025\/05\/WhatsApp-Image-2025-04-27-at-08.43.39-3-1024x771.jpeg ,https:\/\/bigrespectstudio.com\/tienda_laburilla\/wp-content\/uploads\/2025\/05\/WhatsApp-Image-2025-04-27-at-08.43.39-3.jpeg 780w, https:\/\/bigrespectstudio.com\/tienda_laburilla\/wp-content\/uploads\/2025\/05\/WhatsApp-Image-2025-04-27-at-08.43.39-3.jpeg 360w\" sizes=\"auto, (max-width: 480px) 150px\" src=\"https:\/\/bigrespectstudio.com\/tienda_laburilla\/wp-content\/uploads\/2025\/05\/WhatsApp-Image-2025-04-27-at-08.43.39-3-1024x771.jpeg\" alt=\"\" class=\"uag-image-625\" width=\"500\" height=\"450\" title=\"WhatsApp Image 2025-04-27 at 08.43.39 (3)\" loading=\"lazy\" role=\"img\"\/><\/figure><\/div>\n<\/div>\n<\/div><\/div>\n\n\n\n<div class=\"wp-block-uagb-container uagb-block-af8874e5 alignfull uagb-is-root-container\"><div class=\"uagb-container-inner-blocks-wrap\">\n<div class=\"wp-block-uagb-advanced-heading uagb-block-51982978\"><h2 class=\"uagb-heading-text\">Comida artesanal<\/h2><\/div>\n\n\n\n<div class=\"wp-block-uagb-container uagb-layout-grid uagb-block-f2f54032\">\n<div class=\"wp-block-uagb-image uagb-block-84c9111c wp-block-uagb-image--layout-default wp-block-uagb-image--effect-static wp-block-uagb-image--align-none\"><figure class=\"wp-block-uagb-image__figure\"><img decoding=\"async\" srcset=\"https:\/\/bigrespectstudio.com\/tienda_laburilla\/wp-content\/uploads\/2025\/05\/WhatsApp-Image-2025-04-27-at-08.43.39-5-771x1024.jpeg ,https:\/\/bigrespectstudio.com\/tienda_laburilla\/wp-content\/uploads\/2025\/05\/WhatsApp-Image-2025-04-27-at-08.43.39-5.jpeg 780w, https:\/\/bigrespectstudio.com\/tienda_laburilla\/wp-content\/uploads\/2025\/05\/WhatsApp-Image-2025-04-27-at-08.43.39-5.jpeg 360w\" sizes=\"auto, (max-width: 480px) 150px\" src=\"https:\/\/bigrespectstudio.com\/tienda_laburilla\/wp-content\/uploads\/2025\/05\/WhatsApp-Image-2025-04-27-at-08.43.39-5-771x1024.jpeg\" alt=\"\" class=\"uag-image-627\" width=\"686\" height=\"500\" title=\"WhatsApp Image 2025-04-27 at 08.43.39 (5)\" loading=\"lazy\" role=\"img\"\/><\/figure><\/div>\n\n\n\n<div class=\"wp-block-uagb-image uagb-block-bdcdb49f wp-block-uagb-image--layout-default wp-block-uagb-image--effect-static wp-block-uagb-image--align-none\"><figure class=\"wp-block-uagb-image__figure\"><img decoding=\"async\" srcset=\"https:\/\/bigrespectstudio.com\/tienda_laburilla\/wp-content\/uploads\/2025\/05\/WhatsApp-Image-2025-04-27-at-08.43.39-1-1024x771.jpeg ,https:\/\/bigrespectstudio.com\/tienda_laburilla\/wp-content\/uploads\/2025\/05\/WhatsApp-Image-2025-04-27-at-08.43.39-1.jpeg 780w, https:\/\/bigrespectstudio.com\/tienda_laburilla\/wp-content\/uploads\/2025\/05\/WhatsApp-Image-2025-04-27-at-08.43.39-1.jpeg 360w\" sizes=\"auto, (max-width: 480px) 150px\" src=\"https:\/\/bigrespectstudio.com\/tienda_laburilla\/wp-content\/uploads\/2025\/05\/WhatsApp-Image-2025-04-27-at-08.43.39-1-1024x771.jpeg\" alt=\"\" class=\"uag-image-623\" width=\"686\" height=\"450\" title=\"WhatsApp Image 2025-04-27 at 08.43.39 (1)\" loading=\"lazy\" role=\"img\"\/><\/figure><\/div>\n\n\n\n<div class=\"wp-block-uagb-image uagb-block-59ec1c83 wp-block-uagb-image--layout-default wp-block-uagb-image--effect-static wp-block-uagb-image--align-none\"><figure class=\"wp-block-uagb-image__figure\"><img decoding=\"async\" srcset=\"https:\/\/bigrespectstudio.com\/tienda_laburilla\/wp-content\/uploads\/2025\/05\/WhatsApp-Image-2025-04-27-at-08.43.39-1024x771.jpeg ,https:\/\/bigrespectstudio.com\/tienda_laburilla\/wp-content\/uploads\/2025\/05\/WhatsApp-Image-2025-04-27-at-08.43.39.jpeg 780w, https:\/\/bigrespectstudio.com\/tienda_laburilla\/wp-content\/uploads\/2025\/05\/WhatsApp-Image-2025-04-27-at-08.43.39.jpeg 360w\" sizes=\"auto, (max-width: 480px) 150px\" src=\"https:\/\/bigrespectstudio.com\/tienda_laburilla\/wp-content\/uploads\/2025\/05\/WhatsApp-Image-2025-04-27-at-08.43.39-1024x771.jpeg\" alt=\"\" class=\"uag-image-629\" width=\"686\" height=\"500\" title=\"WhatsApp Image 2025-04-27 at 08.43.39\" loading=\"lazy\" role=\"img\"\/><\/figure><\/div>\n\n\n\n<div class=\"wp-block-uagb-image uagb-block-bc4dde28 wp-block-uagb-image--layout-default wp-block-uagb-image--effect-static wp-block-uagb-image--align-none\"><figure class=\"wp-block-uagb-image__figure\"><img decoding=\"async\" srcset=\"https:\/\/bigrespectstudio.com\/tienda_laburilla\/wp-content\/uploads\/2025\/05\/WhatsApp-Image-2025-04-27-at-08.43.39-4-1024x771.jpeg ,https:\/\/bigrespectstudio.com\/tienda_laburilla\/wp-content\/uploads\/2025\/05\/WhatsApp-Image-2025-04-27-at-08.43.39-4.jpeg 780w, https:\/\/bigrespectstudio.com\/tienda_laburilla\/wp-content\/uploads\/2025\/05\/WhatsApp-Image-2025-04-27-at-08.43.39-4.jpeg 360w\" sizes=\"auto, (max-width: 480px) 150px\" src=\"https:\/\/bigrespectstudio.com\/tienda_laburilla\/wp-content\/uploads\/2025\/05\/WhatsApp-Image-2025-04-27-at-08.43.39-4-1024x771.jpeg\" alt=\"\" class=\"uag-image-626\" width=\"686\" height=\"450\" title=\"WhatsApp Image 2025-04-27 at 08.43.39 (4)\" loading=\"lazy\" role=\"img\"\/><\/figure><\/div>\n\n\n\n<div class=\"wp-block-uagb-image uagb-block-d62ac18c wp-block-uagb-image--layout-default wp-block-uagb-image--effect-static wp-block-uagb-image--align-none\"><figure class=\"wp-block-uagb-image__figure\"><img decoding=\"async\" srcset=\"https:\/\/bigrespectstudio.com\/tienda_laburilla\/wp-content\/uploads\/2025\/05\/WhatsApp-Image-2025-04-27-at-08.43.37-1024x771.jpeg ,https:\/\/bigrespectstudio.com\/tienda_laburilla\/wp-content\/uploads\/2025\/05\/WhatsApp-Image-2025-04-27-at-08.43.37.jpeg 780w, https:\/\/bigrespectstudio.com\/tienda_laburilla\/wp-content\/uploads\/2025\/05\/WhatsApp-Image-2025-04-27-at-08.43.37.jpeg 360w\" sizes=\"auto, (max-width: 480px) 150px\" src=\"https:\/\/bigrespectstudio.com\/tienda_laburilla\/wp-content\/uploads\/2025\/05\/WhatsApp-Image-2025-04-27-at-08.43.37-1024x771.jpeg\" alt=\"\" class=\"uag-image-620\" width=\"686\" height=\"500\" title=\"WhatsApp Image 2025-04-27 at 08.43.37\" loading=\"lazy\" role=\"img\"\/><\/figure><\/div>\n\n\n\n<div class=\"wp-block-uagb-image uagb-block-83d05723 wp-block-uagb-image--layout-default wp-block-uagb-image--effect-static wp-block-uagb-image--align-none\"><figure class=\"wp-block-uagb-image__figure\"><img decoding=\"async\" srcset=\"https:\/\/bigrespectstudio.com\/tienda_laburilla\/wp-content\/uploads\/2025\/04\/2022-03-01-7.jpg ,https:\/\/bigrespectstudio.com\/tienda_laburilla\/wp-content\/uploads\/2025\/04\/2022-03-01-7.jpg 780w, https:\/\/bigrespectstudio.com\/tienda_laburilla\/wp-content\/uploads\/2025\/04\/2022-03-01-7.jpg 360w\" sizes=\"auto, (max-width: 480px) 150px\" src=\"https:\/\/bigrespectstudio.com\/tienda_laburilla\/wp-content\/uploads\/2025\/04\/2022-03-01-7.jpg\" alt=\"\" class=\"uag-image-11\" width=\"686\" height=\"450\" title=\"engagements-photography-06\" loading=\"lazy\" role=\"img\"\/><\/figure><\/div>\n<\/div>\n<\/div><\/div>\n\n\n\n<div class=\"wp-block-uagb-container uagb-block-a15f740c alignfull uagb-is-root-container\"><div class=\"uagb-container-inner-blocks-wrap\">\n<div class=\"wp-block-uagb-advanced-heading uagb-block-5e6a2e00\"><h2 class=\"uagb-heading-text\">Productos en conserva<\/h2><\/div>\n\n\n\n<div class=\"wp-block-uagb-container uagb-layout-grid uagb-block-f31fd682\">\n<div class=\"wp-block-uagb-image uagb-block-f367da4c wp-block-uagb-image--layout-default wp-block-uagb-image--effect-static wp-block-uagb-image--align-none\"><figure class=\"wp-block-uagb-image__figure\"><img decoding=\"async\" srcset=\"https:\/\/bigrespectstudio.com\/tienda_laburilla\/wp-content\/uploads\/2025\/04\/2022-03-01.jpg ,https:\/\/bigrespectstudio.com\/tienda_laburilla\/wp-content\/uploads\/2025\/04\/2022-03-01.jpg 780w, https:\/\/bigrespectstudio.com\/tienda_laburilla\/wp-content\/uploads\/2025\/04\/2022-03-01.jpg 360w\" sizes=\"auto, (max-width: 480px) 150px\" src=\"https:\/\/bigrespectstudio.com\/tienda_laburilla\/wp-content\/uploads\/2025\/04\/2022-03-01.jpg\" alt=\"\" class=\"uag-image-12\" width=\"500\" height=\"450\" title=\"family-photography-01\" loading=\"lazy\" role=\"img\"\/><\/figure><\/div>\n\n\n\n<div class=\"wp-block-uagb-image uagb-block-dea9abf2 wp-block-uagb-image--layout-default wp-block-uagb-image--effect-static wp-block-uagb-image--align-none\"><figure class=\"wp-block-uagb-image__figure\"><img decoding=\"async\" srcset=\"https:\/\/bigrespectstudio.com\/tienda_laburilla\/wp-content\/uploads\/2025\/05\/WhatsApp-Image-2025-04-27-at-08.43.39-4-1024x771.jpeg ,https:\/\/bigrespectstudio.com\/tienda_laburilla\/wp-content\/uploads\/2025\/05\/WhatsApp-Image-2025-04-27-at-08.43.39-4.jpeg 780w, https:\/\/bigrespectstudio.com\/tienda_laburilla\/wp-content\/uploads\/2025\/05\/WhatsApp-Image-2025-04-27-at-08.43.39-4.jpeg 360w\" sizes=\"auto, (max-width: 480px) 150px\" src=\"https:\/\/bigrespectstudio.com\/tienda_laburilla\/wp-content\/uploads\/2025\/05\/WhatsApp-Image-2025-04-27-at-08.43.39-4-1024x771.jpeg\" alt=\"\" class=\"uag-image-626\" width=\"500\" height=\"500\" title=\"WhatsApp Image 2025-04-27 at 08.43.39 (4)\" loading=\"lazy\" role=\"img\"\/><\/figure><\/div>\n\n\n\n<div class=\"wp-block-uagb-image uagb-block-71518523 wp-block-uagb-image--layout-default wp-block-uagb-image--effect-static wp-block-uagb-image--align-none\"><figure class=\"wp-block-uagb-image__figure\"><img decoding=\"async\" srcset=\"https:\/\/bigrespectstudio.com\/tienda_laburilla\/wp-content\/uploads\/2025\/05\/WhatsApp-Image-2025-04-27-at-08.43.39-3-1024x771.jpeg ,https:\/\/bigrespectstudio.com\/tienda_laburilla\/wp-content\/uploads\/2025\/05\/WhatsApp-Image-2025-04-27-at-08.43.39-3.jpeg 780w, https:\/\/bigrespectstudio.com\/tienda_laburilla\/wp-content\/uploads\/2025\/05\/WhatsApp-Image-2025-04-27-at-08.43.39-3.jpeg 360w\" sizes=\"auto, (max-width: 480px) 150px\" src=\"https:\/\/bigrespectstudio.com\/tienda_laburilla\/wp-content\/uploads\/2025\/05\/WhatsApp-Image-2025-04-27-at-08.43.39-3-1024x771.jpeg\" alt=\"\" class=\"uag-image-625\" width=\"500\" height=\"450\" title=\"WhatsApp Image 2025-04-27 at 08.43.39 (3)\" loading=\"lazy\" role=\"img\"\/><\/figure><\/div>\n<\/div>\n\n\n\n<div class=\"wp-block-uagb-container uagb-layout-grid uagb-block-40f90ff5\">\n<div class=\"wp-block-uagb-image uagb-block-1ae0ecfd wp-block-uagb-image--layout-default wp-block-uagb-image--effect-static wp-block-uagb-image--align-none\"><figure class=\"wp-block-uagb-image__figure\"><img decoding=\"async\" srcset=\"https:\/\/bigrespectstudio.com\/tienda_laburilla\/wp-content\/uploads\/2025\/04\/thumbnail.jpg ,https:\/\/bigrespectstudio.com\/tienda_laburilla\/wp-content\/uploads\/2025\/04\/thumbnail.jpg 780w, https:\/\/bigrespectstudio.com\/tienda_laburilla\/wp-content\/uploads\/2025\/04\/thumbnail.jpg 360w\" sizes=\"auto, (max-width: 480px) 150px\" src=\"https:\/\/bigrespectstudio.com\/tienda_laburilla\/wp-content\/uploads\/2025\/04\/thumbnail.jpg\" alt=\"\" class=\"uag-image-15\" width=\"686\" height=\"500\" title=\"family-photography-04\" loading=\"lazy\" role=\"img\"\/><\/figure><\/div>\n\n\n\n<div class=\"wp-block-uagb-image uagb-block-3b5ddd24 wp-block-uagb-image--layout-default wp-block-uagb-image--effect-static wp-block-uagb-image--align-none\"><figure class=\"wp-block-uagb-image__figure\"><img decoding=\"async\" srcset=\"https:\/\/bigrespectstudio.com\/tienda_laburilla\/wp-content\/uploads\/2025\/04\/2022-03-01-1.jpg ,https:\/\/bigrespectstudio.com\/tienda_laburilla\/wp-content\/uploads\/2025\/04\/2022-03-01-1.jpg 780w, https:\/\/bigrespectstudio.com\/tienda_laburilla\/wp-content\/uploads\/2025\/04\/2022-03-01-1.jpg 360w\" sizes=\"auto, (max-width: 480px) 150px\" src=\"https:\/\/bigrespectstudio.com\/tienda_laburilla\/wp-content\/uploads\/2025\/04\/2022-03-01-1.jpg\" alt=\"\" class=\"uag-image-5\" width=\"686\" height=\"500\" title=\"family-photography-05\" loading=\"lazy\" role=\"img\"\/><\/figure><\/div>\n<\/div>\n<\/div><\/div>\n\n\n\n<div class=\"wp-block-uagb-container uagb-block-a0200235 alignfull uagb-is-root-container\"><div class=\"uagb-container-inner-blocks-wrap\">\n<div class=\"wp-block-uagb-call-to-action uagb-block-c9597051 wp-block-button\"><div class=\"uagb-cta__wrap\"><h2 class=\"uagb-cta__title\">Mira nuestro trabajo reciente en Instagram<\/h2><\/div><div class=\"uagb-cta__buttons\"><a href=\"#\" class=\"uagb-cta__button-link-wrapper wp-block-button__link\" target=\"_self\" rel=\"noopener noreferrer\">S\u00edguenos en Instagram<\/a><\/div><\/div>\n\n\n\n<div class=\"wp-block-uagb-container uagb-layout-grid uagb-block-1e9a4002\">\n<div class=\"wp-block-uagb-image uagb-block-4675924b wp-block-uagb-image--layout-default wp-block-uagb-image--effect-static wp-block-uagb-image--align-none\"><figure class=\"wp-block-uagb-image__figure\"><img decoding=\"async\" srcset=\"https:\/\/bigrespectstudio.com\/tienda_laburilla\/wp-content\/uploads\/2025\/04\/2022-03-01-3.jpg ,https:\/\/bigrespectstudio.com\/tienda_laburilla\/wp-content\/uploads\/2025\/04\/2022-03-01-3.jpg 780w, https:\/\/bigrespectstudio.com\/tienda_laburilla\/wp-content\/uploads\/2025\/04\/2022-03-01-3.jpg 360w\" sizes=\"auto, (max-width: 480px) 150px\" src=\"https:\/\/bigrespectstudio.com\/tienda_laburilla\/wp-content\/uploads\/2025\/04\/2022-03-01-3.jpg\" alt=\"\" class=\"uag-image-7\" width=\"262\" height=\"262\" title=\"my-work-01\" loading=\"lazy\" role=\"img\"\/><\/figure><\/div>\n\n\n\n<div class=\"wp-block-uagb-image uagb-block-6fe0df3f wp-block-uagb-image--layout-default wp-block-uagb-image--effect-static wp-block-uagb-image--align-none\"><figure class=\"wp-block-uagb-image__figure\"><img decoding=\"async\" srcset=\"https:\/\/bigrespectstudio.com\/tienda_laburilla\/wp-content\/uploads\/2025\/04\/2022-03-01-4.jpg ,https:\/\/bigrespectstudio.com\/tienda_laburilla\/wp-content\/uploads\/2025\/04\/2022-03-01-4.jpg 780w, https:\/\/bigrespectstudio.com\/tienda_laburilla\/wp-content\/uploads\/2025\/04\/2022-03-01-4.jpg 360w\" sizes=\"auto, (max-width: 480px) 150px\" src=\"https:\/\/bigrespectstudio.com\/tienda_laburilla\/wp-content\/uploads\/2025\/04\/2022-03-01-4.jpg\" alt=\"\" class=\"uag-image-8\" width=\"262\" height=\"262\" title=\"my-work-02\" loading=\"lazy\" role=\"img\"\/><\/figure><\/div>\n\n\n\n<div class=\"wp-block-uagb-image uagb-block-37cfb130 wp-block-uagb-image--layout-default wp-block-uagb-image--effect-static wp-block-uagb-image--align-none\"><figure class=\"wp-block-uagb-image__figure\"><img decoding=\"async\" srcset=\"https:\/\/bigrespectstudio.com\/tienda_laburilla\/wp-content\/uploads\/2025\/04\/2022-03-01-5.jpg ,https:\/\/bigrespectstudio.com\/tienda_laburilla\/wp-content\/uploads\/2025\/04\/2022-03-01-5.jpg 780w, https:\/\/bigrespectstudio.com\/tienda_laburilla\/wp-content\/uploads\/2025\/04\/2022-03-01-5.jpg 360w\" sizes=\"auto, (max-width: 480px) 150px\" src=\"https:\/\/bigrespectstudio.com\/tienda_laburilla\/wp-content\/uploads\/2025\/04\/2022-03-01-5.jpg\" alt=\"\" class=\"uag-image-9\" width=\"262\" height=\"262\" title=\"my-work-03\" loading=\"lazy\" role=\"img\"\/><\/figure><\/div>\n\n\n\n<div class=\"wp-block-uagb-image uagb-block-31249b68 wp-block-uagb-image--layout-default wp-block-uagb-image--effect-static wp-block-uagb-image--align-none\"><figure class=\"wp-block-uagb-image__figure\"><img decoding=\"async\" srcset=\"https:\/\/bigrespectstudio.com\/tienda_laburilla\/wp-content\/uploads\/2025\/04\/2022-03-01-6.jpg ,https:\/\/bigrespectstudio.com\/tienda_laburilla\/wp-content\/uploads\/2025\/04\/2022-03-01-6.jpg 780w, https:\/\/bigrespectstudio.com\/tienda_laburilla\/wp-content\/uploads\/2025\/04\/2022-03-01-6.jpg 360w\" sizes=\"auto, (max-width: 480px) 150px\" src=\"https:\/\/bigrespectstudio.com\/tienda_laburilla\/wp-content\/uploads\/2025\/04\/2022-03-01-6.jpg\" alt=\"\" class=\"uag-image-10\" width=\"262\" height=\"262\" title=\"my-work-04\" loading=\"lazy\" role=\"img\"\/><\/figure><\/div>\n\n\n\n<div class=\"wp-block-uagb-image uagb-block-4f36728d wp-block-uagb-image--layout-default wp-block-uagb-image--effect-static wp-block-uagb-image--align-none uag-hide-tab\"><figure class=\"wp-block-uagb-image__figure\"><img decoding=\"async\" srcset=\"https:\/\/bigrespectstudio.com\/tienda_laburilla\/wp-content\/uploads\/2025\/04\/2022-03-01-7.jpg ,https:\/\/bigrespectstudio.com\/tienda_laburilla\/wp-content\/uploads\/2025\/04\/2022-03-01-7.jpg 780w, https:\/\/bigrespectstudio.com\/tienda_laburilla\/wp-content\/uploads\/2025\/04\/2022-03-01-7.jpg 360w\" sizes=\"auto, (max-width: 480px) 150px\" src=\"https:\/\/bigrespectstudio.com\/tienda_laburilla\/wp-content\/uploads\/2025\/04\/2022-03-01-7.jpg\" alt=\"\" class=\"uag-image-11\" width=\"262\" height=\"262\" title=\"my-work-05\" loading=\"lazy\" role=\"img\"\/><\/figure><\/div>\n<\/div>\n<\/div><\/div>\n\n\n\n<div class=\"wp-block-uagb-container uagb-block-9f047c00 alignfull uagb-is-root-container\"><div class=\"uagb-container-inner-blocks-wrap\">\n<div class=\"wp-block-uagb-container uagb-block-8ac3f7a9\">\n<div class=\"wp-block-uagb-info-box uagb-block-8023fb24 uagb-infobox__content-wrap  uagb-infobox-icon-above-title uagb-infobox-image-valign-top\"><div class=\"uagb-ifb-content\"><div class=\"uagb-ifb-title-wrap\"><h2 class=\"uagb-ifb-title\">\u00danete a nuestra comunidad local<\/h2><\/div><p class=\"uagb-ifb-desc\">Vis\u00edtanos y descubre el sabor y la calidad de los productos locales que ofrecemos con un trato cercano y amistoso.<\/p><div class=\"uagb-ifb-button-wrapper wp-block-button\"><a href=\"#\" class=\"uagb-infobox-cta-link wp-block-button__link\" target=\"_self\" rel=\"noopener noreferrer\" onclick=\"return false;\"><span class=\"uagb-inline-editing\">Vis\u00edtanos ahora<\/span><\/a><\/div><\/div><\/div>\n<\/div>\n<\/div><\/div>\n","protected":false},"excerpt":{"rendered":"<p>Calidad y confianza en cada producto Descubre nuestra selecci\u00f3n de productos frescos y locales, donde la tradici\u00f3n se une a [&hellip;]<\/p>\n","protected":false},"author":1,"featured_media":0,"parent":0,"menu_order":0,"comment_status":"closed","ping_status":"closed","template":"","meta":{"_uag_custom_page_level_css":"","site-sidebar-layout":"default","site-content-layout":"","ast-site-content-layout":"default","site-content-style":"default","site-sidebar-style":"default","ast-global-header-display":"","ast-banner-title-visibility":"","ast-main-header-display":"","ast-hfb-above-header-display":"","ast-hfb-below-header-display":"","ast-hfb-mobile-header-display":"","site-post-title":"disabled","ast-breadcrumbs-content":"","ast-featured-img":"","footer-sml-layout":"","ast-disable-related-posts":"","theme-transparent-header-meta":"","adv-header-id-meta":"","stick-header-meta":"","header-above-stick-meta":"","header-main-stick-meta":"","header-below-stick-meta":"","astra-migrate-meta-layouts":"default","ast-page-background-enabled":"default","ast-page-background-meta":{"desktop":{"background-color":"var(--ast-global-color-4)","background-image":"","background-repeat":"repeat","background-position":"center center","background-size":"auto","background-attachment":"scroll","background-type":"","background-media":"","overlay-type":"","overlay-color":"","overlay-opacity":"","overlay-gradient":""},"tablet":{"background-color":"","background-image":"","background-repeat":"repeat","background-position":"center center","background-size":"auto","background-attachment":"scroll","background-type":"","background-media":"","overlay-type":"","overlay-color":"","overlay-opacity":"","overlay-gradient":""},"mobile":{"background-color":"","background-image":"","background-repeat":"repeat","background-position":"center center","background-size":"auto","background-attachment":"scroll","background-type":"","background-media":"","overlay-type":"","overlay-color":"","overlay-opacity":"","overlay-gradient":""}},"ast-content-background-meta":{"desktop":{"background-color":"var(--ast-global-color-5)","background-image":"","background-repeat":"repeat","background-position":"center center","background-size":"auto","background-attachment":"scroll","background-type":"","background-media":"","overlay-type":"","overlay-color":"","overlay-opacity":"","overlay-gradient":""},"tablet":{"background-color":"var(--ast-global-color-5)","background-image":"","background-repeat":"repeat","background-position":"center center","background-size":"auto","background-attachment":"scroll","background-type":"","background-media":"","overlay-type":"","overlay-color":"","overlay-opacity":"","overlay-gradient":""},"mobile":{"background-color":"var(--ast-global-color-5)","background-image":"","background-repeat":"repeat","background-position":"center center","background-size":"auto","background-attachment":"scroll","background-type":"","background-media":"","overlay-type":"","overlay-color":"","overlay-opacity":"","overlay-gradient":""}},"footnotes":""},"class_list":["post-33","page","type-page","status-publish","hentry"],"uagb_featured_image_src":{"full":false,"thumbnail":false,"medium":false,"medium_large":false,"large":false,"1536x1536":false,"2048x2048":false},"uagb_author_info":{"display_name":"admin","author_link":"https:\/\/bigrespectstudio.com\/tienda_laburilla\/author\/giulianosalvan2002_qvg4t4qq\/"},"uagb_comment_info":0,"uagb_excerpt":"Calidad y confianza en cada producto Descubre nuestra selecci\u00f3n de productos frescos y locales, donde la tradici\u00f3n se une a [&hellip;]","_links":{"self":[{"href":"https:\/\/bigrespectstudio.com\/tienda_laburilla\/wp-json\/wp\/v2\/pages\/33","targetHints":{"allow":["GET"]}}],"collection":[{"href":"https:\/\/bigrespectstudio.com\/tienda_laburilla\/wp-json\/wp\/v2\/pages"}],"about":[{"href":"https:\/\/bigrespectstudio.com\/tienda_laburilla\/wp-json\/wp\/v2\/types\/page"}],"author":[{"embeddable":true,"href":"https:\/\/bigrespectstudio.com\/tienda_laburilla\/wp-json\/wp\/v2\/users\/1"}],"replies":[{"embeddable":true,"href":"https:\/\/bigrespectstudio.com\/tienda_laburilla\/wp-json\/wp\/v2\/comments?post=33"}],"version-history":[{"count":5,"href":"https:\/\/bigrespectstudio.com\/tienda_laburilla\/wp-json\/wp\/v2\/pages\/33\/revisions"}],"predecessor-version":[{"id":636,"href":"https:\/\/bigrespectstudio.com\/tienda_laburilla\/wp-json\/wp\/v2\/pages\/33\/revisions\/636"}],"wp:attachment":[{"href":"https:\/\/bigrespectstudio.com\/tienda_laburilla\/wp-json\/wp\/v2\/media?parent=33"}],"curies":[{"name":"wp","href":"https:\/\/api.w.org\/{rel}","templated":true}]}}